{"id":2,"date":"2025-12-13T19:41:40","date_gmt":"2025-12-13T12:41:40","guid":{"rendered":"https:\/\/www.demo.vietnamweb.asia\/?page_id=2"},"modified":"2025-12-13T19:41:45","modified_gmt":"2025-12-13T12:41:45","slug":"trang-chu","status":"publish","type":"page","link":"https:\/\/tg8810.net\/","title":{"rendered":"Tg8810 com &#8211; Trang Ch\u1ee7 Tg88 | Ho\u00e0n Tr\u1ea3 M\u1ed7i Ng\u00e0y T\u1eb7ng Th\u01b0\u1edfng 10%"},"content":{"rendered":"<h2><span style=\"font-size: 110%; color: #f99b1c;\"><strong>TRANG CH\u1ee6 \u0110\u0102NG NH\u1eacP NH\u00c0 C\u00c1I TG88<\/strong><\/span><\/h2>\n<p>Link trang t\u1ed5ng v\u00e0o Tg8810 com ch\u00ednh th\u1ee9c c\u1eadp nh\u1eadt ng\u00e0y h\u00f4m nay m\u1edbi nh\u1ea5t:<\/p>\n<div class=\"row row-small\"  id=\"row-461451651\">\n\n\t<div id=\"col-2115041100\" class=\"col medium-4 small-12 large-4\"  >\n\t\t\t\t<div class=\"col-inner\"  >\n\t\t\t\n\t\t\t\n\t<div class=\"img has-hover x md-x lg-x y md-y lg-y\" id=\"image_796227519\">\n\t\t<a class=\"\" href=\"https:\/\/te8qc2.pro\/24z7\" >\t\t\t\t\t\t<div class=\"img-inner dark\" >\n\t\t\t<img loading=\"lazy\" decoding=\"async\" width=\"400\" height=\"188\" src=\"https:\/\/tg8810.net\/wp-content\/uploads\/2025\/03\/dang-ky.webp\" class=\"attachment-original size-original\" alt=\"\u0110\u0103ng k\u00fd nh\u00e0 c\u00e1i\" srcset=\"https:\/\/tg8810.net\/wp-content\/uploads\/2025\/03\/dang-ky.webp 400w, https:\/\/tg8810.net\/wp-content\/uploads\/2025\/03\/dang-ky-300x141.webp 300w\" sizes=\"auto, (max-width: 400px) 100vw, 400px\" \/>\t\t\t\t\t\t\n\t\t\t\t\t<\/div>\n\t\t\t\t\t\t<\/a>\t\t\n<style>\n#image_796227519 {\n  width: 100%;\n}\n<\/style>\n\t<\/div>\n\t\n\t\t<\/div>\n\t\t\t\t\t<\/div>\n\n\t\n\n\t<div id=\"col-882242504\" class=\"col medium-4 small-12 large-4\"  >\n\t\t\t\t<div class=\"col-inner\"  >\n\t\t\t\n\t\t\t\n\t<div class=\"img has-hover x md-x lg-x y md-y lg-y\" id=\"image_812007929\">\n\t\t<a class=\"\" href=\"https:\/\/te8qc2.pro\/24z7\" >\t\t\t\t\t\t<div class=\"img-inner dark\" >\n\t\t\t<img loading=\"lazy\" decoding=\"async\" width=\"400\" height=\"188\" src=\"https:\/\/tg8810.net\/wp-content\/uploads\/2025\/03\/dang-nhap.webp\" class=\"attachment-original size-original\" alt=\"\u0110\u0103ng nh\u1eadp t\u1ea3i app\" srcset=\"https:\/\/tg8810.net\/wp-content\/uploads\/2025\/03\/dang-nhap.webp 400w, https:\/\/tg8810.net\/wp-content\/uploads\/2025\/03\/dang-nhap-300x141.webp 300w\" sizes=\"auto, (max-width: 400px) 100vw, 400px\" \/>\t\t\t\t\t\t\n\t\t\t\t\t<\/div>\n\t\t\t\t\t\t<\/a>\t\t\n<style>\n#image_812007929 {\n  width: 100%;\n}\n<\/style>\n\t<\/div>\n\t\n\t\t<\/div>\n\t\t\t\t\t<\/div>\n\n\t\n\n\t<div id=\"col-2026873283\" class=\"col medium-4 small-12 large-4\"  >\n\t\t\t\t<div class=\"col-inner\"  >\n\t\t\t\n\t\t\t\n\t<div class=\"img has-hover x md-x lg-x y md-y lg-y\" id=\"image_1544324333\">\n\t\t<a class=\"\" href=\"https:\/\/te8qc2.pro\/24z7\" >\t\t\t\t\t\t<div class=\"img-inner dark\" >\n\t\t\t<img loading=\"lazy\" decoding=\"async\" width=\"400\" height=\"188\" src=\"https:\/\/tg8810.net\/wp-content\/uploads\/2025\/03\/khuyen-mai.webp\" class=\"attachment-original size-original\" alt=\"Khuy\u1ebfn m\u00e3i th\u00e0nh vi\u00ean\" srcset=\"https:\/\/tg8810.net\/wp-content\/uploads\/2025\/03\/khuyen-mai.webp 400w, https:\/\/tg8810.net\/wp-content\/uploads\/2025\/03\/khuyen-mai-300x141.webp 300w\" sizes=\"auto, (max-width: 400px) 100vw, 400px\" \/>\t\t\t\t\t\t\n\t\t\t\t\t<\/div>\n\t\t\t\t\t\t<\/a>\t\t\n<style>\n#image_1544324333 {\n  width: 100%;\n}\n<\/style>\n\t<\/div>\n\t\n\t\t<\/div>\n\t\t\t\t\t<\/div>\n\n\t\n<\/div>\n\t<div id=\"gap-665577469\" class=\"gap-element clearfix\" style=\"display:block; height:auto;\">\n\t\t\n<style>\n#gap-665577469 {\n  padding-top: 16px;\n}\n<\/style>\n\t<\/div>\n\t\n\t<div id=\"gap-406942158\" class=\"gap-element clearfix\" style=\"display:block; height:auto;\">\n\t\t\n<style>\n#gap-406942158 {\n  padding-top: 15px;\n}\n<\/style>\n\t<\/div>\n\t\n<p><em><strong>Disclaimer (Tuy\u00ean b\u1ed1 mi\u1ec5n tr\u1eeb):<\/strong><\/em> Tg8810.com cung c\u1ea5p th\u00f4ng tin tham kh\u1ea3o cho ng\u01b0\u1eddi truy c\u1eadp \u0111\u00e1p \u1ee9ng \u0111i\u1ec1u ki\u1ec7n n\u0103ng l\u1ef1c ph\u00e1p lu\u1eadt, t\u1eeb 18 tu\u1ed5i tr\u1edf l\u00ean v\u00e0 \u0111ang c\u01b0 tr\u00fa ngo\u00e0i l\u00e3nh th\u1ed5 Vi\u1ec7t Nam. Website kh\u00f4ng t\u1ed5 ch\u1ee9c hay ti\u1ebfp tay cho b\u1ea5t k\u1ef3 h\u00ecnh th\u1ee9c \u0111\u1eb7t c\u01b0\u1ee3c n\u00e0o. M\u1ecdi l\u1ef1a ch\u1ecdn s\u1eed d\u1ee5ng th\u00f4ng tin \u0111\u1ec1u do ng\u01b0\u1eddi d\u00f9ng t\u1ef1 c\u00e2n nh\u1eafc v\u00e0 t\u1ef1 ch\u1ecbu r\u1ee7i ro. Tg8810 bet kh\u00f4ng cam k\u1ebft \u0111\u1ed9 ch\u00ednh x\u00e1c tuy\u1ec7t \u0111\u1ed1i v\u00e0 t\u1eeb ch\u1ed1i m\u1ecdi tr\u00e1ch nhi\u1ec7m li\u00ean quan \u0111\u1ebfn t\u1ed5n th\u1ea5t ph\u00e1t sinh.<\/p>\n<h3 class=\"accordion_title\">FAQ - GI\u1ea2I \u0110\u00c1P TH\u1eaeC M\u1eaeC KHI CH\u01a0I TG88<\/h3><div class=\"accordion\"><\/div>\n\t<div id=\"accordion-3534470115\" class=\"accordion-item\">\n\t\t<a id=\"accordion-3534470115-label\" class=\"accordion-title plain\" href=\"#accordion-item-nh\u00e0-c\u00e1i-tg88-.com-c\u00f3-nh\u1eefng-trang-truy-c\u1eadp-ch\u00ednh-n\u00e0o?\" aria-expanded=\"false\" aria-controls=\"accordion-3534470115-content\" >\n\t\t\t<button class=\"toggle\" aria-label=\"Chuy\u1ec3n \u0111\u1ed5i\"><i class=\"icon-angle-down\"><\/i><\/button>\n\t\t\t<span>Nh\u00e0 c\u00e1i Tg88 .com c\u00f3 nh\u1eefng trang truy c\u1eadp ch\u00ednh n\u00e0o?<\/span>\n\t\t<\/a>\n\t\t<div id=\"accordion-3534470115-content\" class=\"accordion-inner\" aria-labelledby=\"accordion-3534470115-label\" >\n\t\t\t\n<p><span style=\"color: #3366ff;\">Nh\u1eefng trang truy c\u1eadp Tg88 .com:<\/span><\/p>\n<ul>\n<li><span style=\"color: #3366ff;\">Tg88 10.com<\/span><\/li>\n<li><span style=\"color: #3366ff;\">Tg881 0.app<\/span><\/li>\n<li><span style=\"color: #3366ff;\">Tg88 10.game<\/span><\/li>\n<li><span style=\"color: #3366ff;\">Tg8810 . casino<\/span><\/li>\n<li><span style=\"color: #3366ff;\">Tg88 10.win<\/span><\/li>\n<li><span style=\"color: #3366ff;\">Tg8810<\/span><span style=\"color: #3366ff;\">.bet<\/span><\/li>\n<\/ul>\n<p>#trangchutg88 #dangnhaptg88 #dangkytg88 #taiapptg88 #apptg88 #tg88bet #tg88casino<\/p>\n<p>#trangchutg8810 #dangnhaptg8810 #dangkytg8810 #taiapptg8810 #apptg8810 #tg8810bet #tg8810casino<\/p>\n\t\t<\/div>\n\t<\/div>\n\t\n\t<div id=\"accordion-842622409\" class=\"accordion-item\">\n\t\t<a id=\"accordion-842622409-label\" class=\"accordion-title plain\" href=\"#accordion-item-ch\u01a1i-tg8810.com-c\u00f3-an-to\u00e0n-kh\u00f4ng?\" aria-expanded=\"false\" aria-controls=\"accordion-842622409-content\" >\n\t\t\t<button class=\"toggle\" aria-label=\"Chuy\u1ec3n \u0111\u1ed5i\"><i class=\"icon-angle-down\"><\/i><\/button>\n\t\t\t<span>Ch\u01a1i Tg8810.com c\u00f3 an to\u00e0n kh\u00f4ng?<\/span>\n\t\t<\/a>\n\t\t<div id=\"accordion-842622409-content\" class=\"accordion-inner\" aria-labelledby=\"accordion-842622409-label\" >\n\t\t\t\n<p><span style=\"color: #3366ff;\">Tg8810 game l\u00e0 m\u1ed9t c\u00f4ng ty tr\u00f2 ch\u01a1i uy t\u00edn \u0111\u01b0\u1ee3c c\u1ea5p ph\u00e9p v\u00e0 gi\u00e1m s\u00e1t b\u1edfi c\u00e1c t\u1ed5 ch\u1ee9c uy t\u00edn h\u00e0ng \u0111\u1ea7u th\u1ebf gi\u1edbi. C\u00f4ng ty \u0111\u00e3 v\u01b0\u1ee3t qua t\u1ea5t c\u1ea3 c\u00e1c \u0111\u1ee3t \u0111\u00e1nh gi\u00e1 tu\u00e2n th\u1ee7 quy \u0111\u1ecbnh v\u00e0 s\u1edf h\u1eefu gi\u1ea5y ph\u00e9p kinh doanh tr\u00f2 ch\u01a1i h\u1ee3p l\u1ec7.<\/span><\/p>\n\t\t<\/div>\n\t<\/div>\n\t\n\t<div id=\"accordion-1044483710\" class=\"accordion-item\">\n\t\t<a id=\"accordion-1044483710-label\" class=\"accordion-title plain\" href=\"#accordion-item-d\u1ecbch-v\u1ee5-cskh-tg8810.casino-c\u00f3-ho\u1ea1t-\u0111\u1ed9ng-24h-kh\u00f4ng?\" aria-expanded=\"false\" aria-controls=\"accordion-1044483710-content\" >\n\t\t\t<button class=\"toggle\" aria-label=\"Chuy\u1ec3n \u0111\u1ed5i\"><i class=\"icon-angle-down\"><\/i><\/button>\n\t\t\t<span>D\u1ecbch v\u1ee5 CSKH tg8810.casino c\u00f3 ho\u1ea1t \u0111\u1ed9ng 24h kh\u00f4ng?<\/span>\n\t\t<\/a>\n\t\t<div id=\"accordion-1044483710-content\" class=\"accordion-inner\" aria-labelledby=\"accordion-1044483710-label\" >\n\t\t\t\n<p><span style=\"color: #3366ff;\">Nh\u00e2n vi\u00ean CSKH t\u1ea1i Tg88 10.casino ho\u1ea1t \u0111\u1ed9ng 24\/24h h\u01b0\u1edbng d\u1eabn x\u1eed l\u00fd m\u1ecdi th\u00f4ng tin th\u1eafc m\u1eafc t\u1eeb ng\u01b0\u1eddi ch\u01a1i. \u0110\u1ed9i ng\u0169 CSKH \u0111\u00e1nh gi\u00e1 chuy\u00ean m\u00f4n cao, nhi\u1ec7t t\u00ecnh chu \u0111\u00e1o \u0111\u1ea3m b\u1ea3o mang l\u1ea1i tr\u1ea3i nghi\u1ec7m t\u1ed1t cho m\u1ecdi ng\u01b0\u1eddi ch\u01a1i.<\/span><\/p>\n\t\t<\/div>\n\t<\/div>\n\t\n\t<div id=\"accordion-3046070747\" class=\"accordion-item\">\n\t\t<a id=\"accordion-3046070747-label\" class=\"accordion-title plain\" href=\"#accordion-item-\u0110\u0103ng-k\u00fd-t\u00e2n-th\u1ee7-tr\u00ean-tg88-10-com-c\u00f3-khuy\u1ebfn-m\u00e3i-g\u00ec-kh\u00f4ng?\" aria-expanded=\"false\" aria-controls=\"accordion-3046070747-content\" >\n\t\t\t<button class=\"toggle\" aria-label=\"Chuy\u1ec3n \u0111\u1ed5i\"><i class=\"icon-angle-down\"><\/i><\/button>\n\t\t\t<span>\u0110\u0103ng k\u00fd t\u00e2n th\u1ee7 tr\u00ean Tg88 10 com c\u00f3 khuy\u1ebfn m\u00e3i g\u00ec kh\u00f4ng?<\/span>\n\t\t<\/a>\n\t\t<div id=\"accordion-3046070747-content\" class=\"accordion-inner\" aria-labelledby=\"accordion-3046070747-label\" >\n\t\t\t\n<p><span style=\"color: #3366ff;\">Khi \u0111\u0103ng k\u00fd t\u00e0i kho\u1ea3n m\u1edbi t\u00e2n th\u1ee7 \u0111\u01b0\u1ee3c nh\u1eadn ngay khuy\u1ebfn m\u00e3i n\u1ea1p \u0111\u1ea7u 100% gi\u00e1 tr\u1ecb ti\u1ec1n n\u1ea1p. Tham gia ch\u01a1i \u0111i\u1ec3m danh v\u00e0 nh\u1eadn l\u00ec x\u00ec theo khung th\u1eddi gian quy \u0111\u1ecbnh \u0111\u00e3 th\u00f4ng b\u00e1o tr\u00ean trang ch\u1ee7.<\/span><\/p>\n\t\t<\/div>\n\t<\/div>\n\t\n<p>&nbsp;<\/p>\n","protected":false},"excerpt":{"rendered":"<p>TRANG CH\u1ee6 \u0110\u0102NG NH\u1eacP NH\u00c0 C\u00c1I TG88 Link trang t\u1ed5ng v\u00e0o Tg8810 com ch\u00ednh th\u1ee9c c\u1eadp nh\u1eadt ng\u00e0y h\u00f4m nay m\u1edbi nh\u1ea5t: Disclaimer (Tuy\u00ean b\u1ed1 mi\u1ec5n tr\u1eeb): Tg8810.com cung c\u1ea5p th\u00f4ng tin tham kh\u1ea3o cho ng\u01b0\u1eddi truy c\u1eadp \u0111\u00e1p \u1ee9ng \u0111i\u1ec1u ki\u1ec7n n\u0103ng l\u1ef1c ph\u00e1p lu\u1eadt, t\u1eeb 18 tu\u1ed5i tr\u1edf l\u00ean v\u00e0 \u0111ang c\u01b0 tr\u00fa&#8230;<\/p>\n","protected":false},"author":1,"featured_media":0,"parent":0,"menu_order":0,"comment_status":"closed","ping_status":"open","template":"page-right-sidebar.php","meta":{"footnotes":""},"class_list":["post-2","page","type-page","status-publish","hentry"],"_links":{"self":[{"href":"https:\/\/tg8810.net\/index.php?rest_route=\/wp\/v2\/pages\/2","targetHints":{"allow":["GET"]}}],"collection":[{"href":"https:\/\/tg8810.net\/index.php?rest_route=\/wp\/v2\/pages"}],"about":[{"href":"https:\/\/tg8810.net\/index.php?rest_route=\/wp\/v2\/types\/page"}],"author":[{"embeddable":true,"href":"https:\/\/tg8810.net\/index.php?rest_route=\/wp\/v2\/users\/1"}],"replies":[{"embeddable":true,"href":"https:\/\/tg8810.net\/index.php?rest_route=%2Fwp%2Fv2%2Fcomments&post=2"}],"version-history":[{"count":54,"href":"https:\/\/tg8810.net\/index.php?rest_route=\/wp\/v2\/pages\/2\/revisions"}],"predecessor-version":[{"id":632,"href":"https:\/\/tg8810.net\/index.php?rest_route=\/wp\/v2\/pages\/2\/revisions\/632"}],"wp:attachment":[{"href":"https:\/\/tg8810.net\/index.php?rest_route=%2Fwp%2Fv2%2Fmedia&parent=2"}],"curies":[{"name":"wp","href":"https:\/\/api.w.org\/{rel}","templated":true}]}}